{"id":659,"date":"2017-02-16T16:02:49","date_gmt":"2017-02-16T15:02:49","guid":{"rendered":"https:\/\/www.jc-tlumaczenia.pl\/tlumaczenia-konferencyjne\/"},"modified":"2018-04-18T11:38:10","modified_gmt":"2018-04-18T09:38:10","slug":"conference-equipment","status":"publish","type":"page","link":"https:\/\/www.jc-tlumaczenia.pl\/en\/conference-equipment\/","title":{"rendered":"Conference equipment"},"content":{"rendered":"<h2>Conference equipment rental<\/h2>\n<p>Apart from the services of our professional interpreters, we also offer the rental of specialist equipment for simultaneous and consecutive interpreting during conferences and meetings, together with transportation, set-up, and technical support.We will also be happy to provide any assistance necessary in choosing the right equipment and mode of interpreting for your event.<\/p>\n<p>&nbsp;<\/p>\n<h3>Booth Interpreting (Simultaneous)<\/h3>\n<p>This mode of interpreting requires the use of a booth and appropriate audio equipment. The interpreter listens to the speaker through headphones and interprets their words into a microphone. The guests are given special receivers with headphones which are used to listen to the interpreters. This solution is used most frequently during conferences and meetings with large numbers of participants. It is very comfortable for the interpreters, which is also reflected in the quality of their work.<\/p>\n<p>If necessary, we can provide our clients with appropriate equipment for simultaneous interpreting (PHILIPS\/BOSCH), including booths, microphones, headphones, etc. Prices differ depending on the number of guests and language combinations.<\/p>\n<p>&nbsp;<\/p>\n<h3>Portable interpreting (tour guide) systems<\/h3>\n<p>In special circumstances it is possible to have simultaneous interpreting without the booth, using a portable interpreting system. This solution is used mainly during tours, e.g. in production facilities. It may also be employed during meetings with a small number of participants where the use of a booth would not be possible. Due to the relatively short range and power of the transmitters, it is not possible to use such systems during larger events.<\/p>\n<p>&nbsp;<\/p>\n<h3>Transportation and technical support<\/h3>\n<p>The price of equipment rental includes transportation to the location specified by the client, set-up, and full technical support provided by a qualified technician. The equipment that we offer meets all relevant European standards, so it can be used in all EU member states.<\/p>\n","protected":false},"excerpt":{"rendered":"<p>Conference equipment rental Apart from the services of our professional interpreters, we also offer the rental of specialist equipment for simultaneous and consecutive interpreting during conferences and meetings, together with transportation, set-up, and technical support.We will also be happy to provide any assistance necessary in choosing the right equipment and mode of interpreting for your event. &nbsp; Booth Interpreting (Simultaneous) This mode of interpreting requires the use of a booth and appropriate audio equipment. The interpreter listens to the speaker through headphones and interprets their words into a microphone. The guests are given special receivers with headphones which are used<span class=\"excerpt-hellip\"> [\u2026]<\/span><\/p>\n","protected":false},"author":1,"featured_media":0,"parent":0,"menu_order":0,"comment_status":"closed","ping_status":"closed","template":"","meta":{"footnotes":""},"class_list":["post-659","page","type-page","status-publish","hentry"],"yoast_head":"<!-- This site is optimized with the Yoast SEO plugin v23.2 - https:\/\/yoast.com\/wordpress\/plugins\/seo\/ -->\n<title>T\u0142umaczenia konferencyjne, biznesowe, handlowe - Pozna\u0144<\/title>\n<meta name=\"description\" content=\"Oferujemy t\u0142umaczenia konferencyjne, biznesowe, handlowe w mie\u015bcie Pozna\u0144. Dopasujemy cennik do Twoich mo\u017cliwo\u015bci. Zapraszamy!\" \/>\n<meta name=\"robots\" content=\"index, follow, max-snippet:-1, max-image-preview:large, max-video-preview:-1\" \/>\n<link rel=\"canonical\" href=\"https:\/\/www.jc-tlumaczenia.pl\/en\/conference-equipment\/\" \/>\n<meta property=\"og:locale\" content=\"en_US\" \/>\n<meta property=\"og:type\" content=\"article\" \/>\n<meta property=\"og:title\" content=\"T\u0142umaczenia konferencyjne, biznesowe, handlowe - Pozna\u0144\" \/>\n<meta property=\"og:description\" content=\"Oferujemy t\u0142umaczenia konferencyjne, biznesowe, handlowe w mie\u015bcie Pozna\u0144. Dopasujemy cennik do Twoich mo\u017cliwo\u015bci. Zapraszamy!\" \/>\n<meta property=\"og:url\" content=\"https:\/\/www.jc-tlumaczenia.pl\/en\/conference-equipment\/\" \/>\n<meta property=\"og:site_name\" content=\"JC T\u0142umaczenia\" \/>\n<meta property=\"article:modified_time\" content=\"2018-04-18T09:38:10+00:00\" \/>\n<meta name=\"twitter:card\" content=\"summary_large_image\" \/>\n<meta name=\"twitter:label1\" content=\"Est. reading time\" \/>\n\t<meta name=\"twitter:data1\" content=\"1 minute\" \/>\n<script type=\"application\/ld+json\" class=\"yoast-schema-graph\">{\"@context\":\"https:\/\/schema.org\",\"@graph\":[{\"@type\":\"WebPage\",\"@id\":\"https:\/\/www.jc-tlumaczenia.pl\/en\/conference-equipment\/\",\"url\":\"https:\/\/www.jc-tlumaczenia.pl\/en\/conference-equipment\/\",\"name\":\"T\u0142umaczenia konferencyjne, biznesowe, handlowe - Pozna\u0144\",\"isPartOf\":{\"@id\":\"https:\/\/www.jc-tlumaczenia.pl\/#website\"},\"datePublished\":\"2017-02-16T15:02:49+00:00\",\"dateModified\":\"2018-04-18T09:38:10+00:00\",\"description\":\"Oferujemy t\u0142umaczenia konferencyjne, biznesowe, handlowe w mie\u015bcie Pozna\u0144. Dopasujemy cennik do Twoich mo\u017cliwo\u015bci. Zapraszamy!\",\"breadcrumb\":{\"@id\":\"https:\/\/www.jc-tlumaczenia.pl\/en\/conference-equipment\/#breadcrumb\"},\"inLanguage\":\"en-US\",\"potentialAction\":[{\"@type\":\"ReadAction\",\"target\":[\"https:\/\/www.jc-tlumaczenia.pl\/en\/conference-equipment\/\"]}]},{\"@type\":\"BreadcrumbList\",\"@id\":\"https:\/\/www.jc-tlumaczenia.pl\/en\/conference-equipment\/#breadcrumb\",\"itemListElement\":[{\"@type\":\"ListItem\",\"position\":1,\"name\":\"Strona g\u0142\u00f3wna\",\"item\":\"https:\/\/www.jc-tlumaczenia.pl\/en\/\"},{\"@type\":\"ListItem\",\"position\":2,\"name\":\"Conference equipment\"}]},{\"@type\":\"WebSite\",\"@id\":\"https:\/\/www.jc-tlumaczenia.pl\/#website\",\"url\":\"https:\/\/www.jc-tlumaczenia.pl\/\",\"name\":\"JC T\u0142umaczenia\",\"description\":\"\",\"potentialAction\":[{\"@type\":\"SearchAction\",\"target\":{\"@type\":\"EntryPoint\",\"urlTemplate\":\"https:\/\/www.jc-tlumaczenia.pl\/?s={search_term_string}\"},\"query-input\":\"required name=search_term_string\"}],\"inLanguage\":\"en-US\"}]}<\/script>\n<!-- \/ Yoast SEO plugin. -->","yoast_head_json":{"title":"T\u0142umaczenia konferencyjne, biznesowe, handlowe - Pozna\u0144","description":"Oferujemy t\u0142umaczenia konferencyjne, biznesowe, handlowe w mie\u015bcie Pozna\u0144. Dopasujemy cennik do Twoich mo\u017cliwo\u015bci. Zapraszamy!","robots":{"index":"index","follow":"follow","max-snippet":"max-snippet:-1","max-image-preview":"max-image-preview:large","max-video-preview":"max-video-preview:-1"},"canonical":"https:\/\/www.jc-tlumaczenia.pl\/en\/conference-equipment\/","og_locale":"en_US","og_type":"article","og_title":"T\u0142umaczenia konferencyjne, biznesowe, handlowe - Pozna\u0144","og_description":"Oferujemy t\u0142umaczenia konferencyjne, biznesowe, handlowe w mie\u015bcie Pozna\u0144. Dopasujemy cennik do Twoich mo\u017cliwo\u015bci. Zapraszamy!","og_url":"https:\/\/www.jc-tlumaczenia.pl\/en\/conference-equipment\/","og_site_name":"JC T\u0142umaczenia","article_modified_time":"2018-04-18T09:38:10+00:00","twitter_card":"summary_large_image","twitter_misc":{"Est. reading time":"1 minute"},"schema":{"@context":"https:\/\/schema.org","@graph":[{"@type":"WebPage","@id":"https:\/\/www.jc-tlumaczenia.pl\/en\/conference-equipment\/","url":"https:\/\/www.jc-tlumaczenia.pl\/en\/conference-equipment\/","name":"T\u0142umaczenia konferencyjne, biznesowe, handlowe - Pozna\u0144","isPartOf":{"@id":"https:\/\/www.jc-tlumaczenia.pl\/#website"},"datePublished":"2017-02-16T15:02:49+00:00","dateModified":"2018-04-18T09:38:10+00:00","description":"Oferujemy t\u0142umaczenia konferencyjne, biznesowe, handlowe w mie\u015bcie Pozna\u0144. Dopasujemy cennik do Twoich mo\u017cliwo\u015bci. Zapraszamy!","breadcrumb":{"@id":"https:\/\/www.jc-tlumaczenia.pl\/en\/conference-equipment\/#breadcrumb"},"inLanguage":"en-US","potentialAction":[{"@type":"ReadAction","target":["https:\/\/www.jc-tlumaczenia.pl\/en\/conference-equipment\/"]}]},{"@type":"BreadcrumbList","@id":"https:\/\/www.jc-tlumaczenia.pl\/en\/conference-equipment\/#breadcrumb","itemListElement":[{"@type":"ListItem","position":1,"name":"Strona g\u0142\u00f3wna","item":"https:\/\/www.jc-tlumaczenia.pl\/en\/"},{"@type":"ListItem","position":2,"name":"Conference equipment"}]},{"@type":"WebSite","@id":"https:\/\/www.jc-tlumaczenia.pl\/#website","url":"https:\/\/www.jc-tlumaczenia.pl\/","name":"JC T\u0142umaczenia","description":"","potentialAction":[{"@type":"SearchAction","target":{"@type":"EntryPoint","urlTemplate":"https:\/\/www.jc-tlumaczenia.pl\/?s={search_term_string}"},"query-input":"required name=search_term_string"}],"inLanguage":"en-US"}]}},"_links":{"self":[{"href":"https:\/\/www.jc-tlumaczenia.pl\/en\/wp-json\/wp\/v2\/pages\/659"}],"collection":[{"href":"https:\/\/www.jc-tlumaczenia.pl\/en\/wp-json\/wp\/v2\/pages"}],"about":[{"href":"https:\/\/www.jc-tlumaczenia.pl\/en\/wp-json\/wp\/v2\/types\/page"}],"author":[{"embeddable":true,"href":"https:\/\/www.jc-tlumaczenia.pl\/en\/wp-json\/wp\/v2\/users\/1"}],"replies":[{"embeddable":true,"href":"https:\/\/www.jc-tlumaczenia.pl\/en\/wp-json\/wp\/v2\/comments?post=659"}],"version-history":[{"count":4,"href":"https:\/\/www.jc-tlumaczenia.pl\/en\/wp-json\/wp\/v2\/pages\/659\/revisions"}],"predecessor-version":[{"id":665,"href":"https:\/\/www.jc-tlumaczenia.pl\/en\/wp-json\/wp\/v2\/pages\/659\/revisions\/665"}],"wp:attachment":[{"href":"https:\/\/www.jc-tlumaczenia.pl\/en\/wp-json\/wp\/v2\/media?parent=659"}],"curies":[{"name":"wp","href":"https:\/\/api.w.org\/{rel}","templated":true}]}}