{"id":131,"date":"2015-12-15T10:21:08","date_gmt":"2015-12-15T10:21:08","guid":{"rendered":"https:\/\/www.jc-tlumaczenia.pl\/home\/"},"modified":"2018-04-28T16:05:21","modified_gmt":"2018-04-28T14:05:21","slug":"home","status":"publish","type":"page","link":"https:\/\/www.jc-tlumaczenia.pl\/en\/","title":{"rendered":"Home"},"content":{"rendered":"","protected":false},"excerpt":{"rendered":"","protected":false},"author":1,"featured_media":0,"parent":0,"menu_order":0,"comment_status":"closed","ping_status":"open","template":"","meta":{"footnotes":""},"class_list":["post-131","page","type-page","status-publish","hentry"],"yoast_head":"<!-- This site is optimized with the Yoast SEO plugin v23.2 - https:\/\/yoast.com\/wordpress\/plugins\/seo\/ -->\n<title>JC - t\u0142umaczenia specjalistyczne, dokument\u00f3w, symultaniczne - Pozna\u0144<\/title>\n<meta name=\"description\" content=\"Firma JC t\u0142umaczenia oferuje us\u0142ugi profesjonalnych t\u0142umaczy ustnych i pisemnych. Stosujemy elastyczny system wyceny. Kontakt \u260e 696-907-374 \u27a4 biuro@jctlumaczenia.pl \u2606 ul. Rycerska 39a\/18, 60-345 Pozna\u0144. Zapraszamy do wsp\u00f3\u0142pracy!\" \/>\n<meta name=\"robots\" content=\"index, follow, max-snippet:-1, max-image-preview:large, max-video-preview:-1\" \/>\n<link rel=\"canonical\" href=\"https:\/\/www.jc-tlumaczenia.pl\/en\/\" \/>\n<meta property=\"og:locale\" content=\"en_US\" \/>\n<meta property=\"og:type\" content=\"article\" \/>\n<meta property=\"og:title\" content=\"JC - t\u0142umaczenia specjalistyczne, dokument\u00f3w, symultaniczne - Pozna\u0144\" \/>\n<meta property=\"og:description\" content=\"Firma JC t\u0142umaczenia oferuje us\u0142ugi profesjonalnych t\u0142umaczy ustnych i pisemnych. Stosujemy elastyczny system wyceny. Kontakt \u260e 696-907-374 \u27a4 biuro@jctlumaczenia.pl \u2606 ul. Rycerska 39a\/18, 60-345 Pozna\u0144. Zapraszamy do wsp\u00f3\u0142pracy!\" \/>\n<meta property=\"og:url\" content=\"https:\/\/www.jc-tlumaczenia.pl\/en\/\" \/>\n<meta property=\"og:site_name\" content=\"JC T\u0142umaczenia\" \/>\n<meta property=\"article:modified_time\" content=\"2018-04-28T14:05:21+00:00\" \/>\n<meta name=\"twitter:card\" content=\"summary_large_image\" \/>\n<script type=\"application\/ld+json\" class=\"yoast-schema-graph\">{\"@context\":\"https:\/\/schema.org\",\"@graph\":[{\"@type\":\"WebPage\",\"@id\":\"https:\/\/www.jc-tlumaczenia.pl\/en\/\",\"url\":\"https:\/\/www.jc-tlumaczenia.pl\/en\/\",\"name\":\"JC - t\u0142umaczenia specjalistyczne, dokument\u00f3w, symultaniczne - Pozna\u0144\",\"isPartOf\":{\"@id\":\"https:\/\/www.jc-tlumaczenia.pl\/#website\"},\"datePublished\":\"2015-12-15T10:21:08+00:00\",\"dateModified\":\"2018-04-28T14:05:21+00:00\",\"description\":\"Firma JC t\u0142umaczenia oferuje us\u0142ugi profesjonalnych t\u0142umaczy ustnych i pisemnych. Stosujemy elastyczny system wyceny. Kontakt \u260e 696-907-374 \u27a4 biuro@jctlumaczenia.pl \u2606 ul. Rycerska 39a\/18, 60-345 Pozna\u0144. Zapraszamy do wsp\u00f3\u0142pracy!\",\"breadcrumb\":{\"@id\":\"https:\/\/www.jc-tlumaczenia.pl\/en\/#breadcrumb\"},\"inLanguage\":\"en-US\",\"potentialAction\":[{\"@type\":\"ReadAction\",\"target\":[\"https:\/\/www.jc-tlumaczenia.pl\/en\/\"]}]},{\"@type\":\"BreadcrumbList\",\"@id\":\"https:\/\/www.jc-tlumaczenia.pl\/en\/#breadcrumb\",\"itemListElement\":[{\"@type\":\"ListItem\",\"position\":1,\"name\":\"Strona g\u0142\u00f3wna\",\"item\":\"https:\/\/www.jc-tlumaczenia.pl\/en\/\"},{\"@type\":\"ListItem\",\"position\":2,\"name\":\"Home\"}]},{\"@type\":\"WebSite\",\"@id\":\"https:\/\/www.jc-tlumaczenia.pl\/#website\",\"url\":\"https:\/\/www.jc-tlumaczenia.pl\/\",\"name\":\"JC T\u0142umaczenia\",\"description\":\"\",\"potentialAction\":[{\"@type\":\"SearchAction\",\"target\":{\"@type\":\"EntryPoint\",\"urlTemplate\":\"https:\/\/www.jc-tlumaczenia.pl\/?s={search_term_string}\"},\"query-input\":\"required name=search_term_string\"}],\"inLanguage\":\"en-US\"}]}<\/script>\n<!-- \/ Yoast SEO plugin. -->","yoast_head_json":{"title":"JC - t\u0142umaczenia specjalistyczne, dokument\u00f3w, symultaniczne - Pozna\u0144","description":"Firma JC t\u0142umaczenia oferuje us\u0142ugi profesjonalnych t\u0142umaczy ustnych i pisemnych. Stosujemy elastyczny system wyceny. Kontakt \u260e 696-907-374 \u27a4 biuro@jctlumaczenia.pl \u2606 ul. Rycerska 39a\/18, 60-345 Pozna\u0144. Zapraszamy do wsp\u00f3\u0142pracy!","robots":{"index":"index","follow":"follow","max-snippet":"max-snippet:-1","max-image-preview":"max-image-preview:large","max-video-preview":"max-video-preview:-1"},"canonical":"https:\/\/www.jc-tlumaczenia.pl\/en\/","og_locale":"en_US","og_type":"article","og_title":"JC - t\u0142umaczenia specjalistyczne, dokument\u00f3w, symultaniczne - Pozna\u0144","og_description":"Firma JC t\u0142umaczenia oferuje us\u0142ugi profesjonalnych t\u0142umaczy ustnych i pisemnych. Stosujemy elastyczny system wyceny. Kontakt \u260e 696-907-374 \u27a4 biuro@jctlumaczenia.pl \u2606 ul. Rycerska 39a\/18, 60-345 Pozna\u0144. Zapraszamy do wsp\u00f3\u0142pracy!","og_url":"https:\/\/www.jc-tlumaczenia.pl\/en\/","og_site_name":"JC T\u0142umaczenia","article_modified_time":"2018-04-28T14:05:21+00:00","twitter_card":"summary_large_image","schema":{"@context":"https:\/\/schema.org","@graph":[{"@type":"WebPage","@id":"https:\/\/www.jc-tlumaczenia.pl\/en\/","url":"https:\/\/www.jc-tlumaczenia.pl\/en\/","name":"JC - t\u0142umaczenia specjalistyczne, dokument\u00f3w, symultaniczne - Pozna\u0144","isPartOf":{"@id":"https:\/\/www.jc-tlumaczenia.pl\/#website"},"datePublished":"2015-12-15T10:21:08+00:00","dateModified":"2018-04-28T14:05:21+00:00","description":"Firma JC t\u0142umaczenia oferuje us\u0142ugi profesjonalnych t\u0142umaczy ustnych i pisemnych. Stosujemy elastyczny system wyceny. Kontakt \u260e 696-907-374 \u27a4 biuro@jctlumaczenia.pl \u2606 ul. Rycerska 39a\/18, 60-345 Pozna\u0144. Zapraszamy do wsp\u00f3\u0142pracy!","breadcrumb":{"@id":"https:\/\/www.jc-tlumaczenia.pl\/en\/#breadcrumb"},"inLanguage":"en-US","potentialAction":[{"@type":"ReadAction","target":["https:\/\/www.jc-tlumaczenia.pl\/en\/"]}]},{"@type":"BreadcrumbList","@id":"https:\/\/www.jc-tlumaczenia.pl\/en\/#breadcrumb","itemListElement":[{"@type":"ListItem","position":1,"name":"Strona g\u0142\u00f3wna","item":"https:\/\/www.jc-tlumaczenia.pl\/en\/"},{"@type":"ListItem","position":2,"name":"Home"}]},{"@type":"WebSite","@id":"https:\/\/www.jc-tlumaczenia.pl\/#website","url":"https:\/\/www.jc-tlumaczenia.pl\/","name":"JC T\u0142umaczenia","description":"","potentialAction":[{"@type":"SearchAction","target":{"@type":"EntryPoint","urlTemplate":"https:\/\/www.jc-tlumaczenia.pl\/?s={search_term_string}"},"query-input":"required name=search_term_string"}],"inLanguage":"en-US"}]}},"_links":{"self":[{"href":"https:\/\/www.jc-tlumaczenia.pl\/en\/wp-json\/wp\/v2\/pages\/131"}],"collection":[{"href":"https:\/\/www.jc-tlumaczenia.pl\/en\/wp-json\/wp\/v2\/pages"}],"about":[{"href":"https:\/\/www.jc-tlumaczenia.pl\/en\/wp-json\/wp\/v2\/types\/page"}],"author":[{"embeddable":true,"href":"https:\/\/www.jc-tlumaczenia.pl\/en\/wp-json\/wp\/v2\/users\/1"}],"replies":[{"embeddable":true,"href":"https:\/\/www.jc-tlumaczenia.pl\/en\/wp-json\/wp\/v2\/comments?post=131"}],"version-history":[{"count":1,"href":"https:\/\/www.jc-tlumaczenia.pl\/en\/wp-json\/wp\/v2\/pages\/131\/revisions"}],"predecessor-version":[{"id":132,"href":"https:\/\/www.jc-tlumaczenia.pl\/en\/wp-json\/wp\/v2\/pages\/131\/revisions\/132"}],"wp:attachment":[{"href":"https:\/\/www.jc-tlumaczenia.pl\/en\/wp-json\/wp\/v2\/media?parent=131"}],"curies":[{"name":"wp","href":"https:\/\/api.w.org\/{rel}","templated":true}]}}